{"id":36,"date":"2018-10-29T14:39:21","date_gmt":"2018-10-29T13:39:21","guid":{"rendered":"https:\/\/makler-iserlohn.de\/?page_id=36"},"modified":"2026-04-13T19:13:12","modified_gmt":"2026-04-13T17:13:12","slug":"impressum","status":"publish","type":"page","link":"https:\/\/makler-iserlohn.de\/?page_id=36","title":{"rendered":"Impressum"},"content":{"rendered":"\t\t<div data-elementor-type=\"wp-post\" data-elementor-id=\"36\" class=\"elementor elementor-36\">\n\t\t\t\t\t\t<section class=\"elementor-section elementor-top-section elementor-element elementor-element-7652c77c elementor-section-stretched elementor-section-boxed elementor-section-height-default elementor-section-height-default\" data-id=\"7652c77c\" data-element_type=\"section\" data-e-type=\"section\" data-settings=\"{&quot;background_background&quot;:&quot;classic&quot;,&quot;stretch_section&quot;:&quot;section-stretched&quot;}\">\n\t\t\t\t\t\t\t<div class=\"elementor-background-overlay\"><\/div>\n\t\t\t\t\t\t\t<div class=\"elementor-container elementor-column-gap-no\">\n\t\t\t\t\t<div class=\"elementor-column elementor-col-100 elementor-top-column elementor-element elementor-element-72543a85\" data-id=\"72543a85\" data-element_type=\"column\" data-e-type=\"column\">\n\t\t\t<div class=\"elementor-widget-wrap elementor-element-populated\">\n\t\t\t\t\t\t<div class=\"elementor-element elementor-element-74829e6d elementor-widget elementor-widget-spacer\" data-id=\"74829e6d\" data-element_type=\"widget\" data-e-type=\"widget\" data-widget_type=\"spacer.default\">\n\t\t\t\t<div class=\"elementor-widget-container\">\n\t\t\t\t\t\t\t<div class=\"elementor-spacer\">\n\t\t\t<div class=\"elementor-spacer-inner\"><\/div>\n\t\t<\/div>\n\t\t\t\t\t\t<\/div>\n\t\t\t\t<\/div>\n\t\t\t\t<section class=\"elementor-section elementor-inner-section elementor-element elementor-element-331ac4d7 elementor-section-boxed elementor-section-height-default elementor-section-height-default\" data-id=\"331ac4d7\" data-element_type=\"section\" data-e-type=\"section\">\n\t\t\t\t\t\t<div class=\"elementor-container elementor-column-gap-no\">\n\t\t\t\t\t<div class=\"elementor-column elementor-col-33 elementor-inner-column elementor-element elementor-element-79068d39\" data-id=\"79068d39\" data-element_type=\"column\" data-e-type=\"column\">\n\t\t\t<div class=\"elementor-widget-wrap elementor-element-populated\">\n\t\t\t\t\t\t<div class=\"elementor-element elementor-element-2c1dce4 elementor-widget__width-initial elementor-widget elementor-widget-image\" data-id=\"2c1dce4\" data-element_type=\"widget\" data-e-type=\"widget\" data-widget_type=\"image.default\">\n\t\t\t\t<div class=\"elementor-widget-container\">\n\t\t\t\t\t\t\t\t\t\t\t\t\t\t\t\t<a href=\"https:\/\/makler-iserlohn.de\">\n\t\t\t\t\t\t\t<img fetchpriority=\"high\" decoding=\"async\" width=\"300\" height=\"300\" src=\"https:\/\/makler-iserlohn.de\/wp-content\/uploads\/2026\/02\/logo-kallaehne-immobilien-300x300.png\" class=\"attachment-medium size-medium wp-image-726\" alt=\"immobilien iserlohn\" srcset=\"https:\/\/makler-iserlohn.de\/wp-content\/uploads\/2026\/02\/logo-kallaehne-immobilien-300x300.png 300w, https:\/\/makler-iserlohn.de\/wp-content\/uploads\/2026\/02\/logo-kallaehne-immobilien-1024x1024.png 1024w, https:\/\/makler-iserlohn.de\/wp-content\/uploads\/2026\/02\/logo-kallaehne-immobilien-150x150.png 150w, https:\/\/makler-iserlohn.de\/wp-content\/uploads\/2026\/02\/logo-kallaehne-immobilien-768x768.png 768w, https:\/\/makler-iserlohn.de\/wp-content\/uploads\/2026\/02\/logo-kallaehne-immobilien.png 1080w\" sizes=\"(max-width: 300px) 100vw, 300px\" \/>\t\t\t\t\t\t\t\t<\/a>\n\t\t\t\t\t\t\t\t\t\t\t\t\t\t\t<\/div>\n\t\t\t\t<\/div>\n\t\t\t\t<div class=\"elementor-element elementor-element-f4f7609 elementor-widget elementor-widget-spacer\" data-id=\"f4f7609\" data-element_type=\"widget\" data-e-type=\"widget\" data-widget_type=\"spacer.default\">\n\t\t\t\t<div class=\"elementor-widget-container\">\n\t\t\t\t\t\t\t<div class=\"elementor-spacer\">\n\t\t\t<div class=\"elementor-spacer-inner\"><\/div>\n\t\t<\/div>\n\t\t\t\t\t\t<\/div>\n\t\t\t\t<\/div>\n\t\t\t\t\t<\/div>\n\t\t<\/div>\n\t\t\t\t<div class=\"elementor-column elementor-col-33 elementor-inner-column elementor-element elementor-element-261f6714\" data-id=\"261f6714\" data-element_type=\"column\" data-e-type=\"column\">\n\t\t\t<div class=\"elementor-widget-wrap\">\n\t\t\t\t\t\t\t<\/div>\n\t\t<\/div>\n\t\t\t\t<div class=\"elementor-column elementor-col-33 elementor-inner-column elementor-element elementor-element-b12be0f\" data-id=\"b12be0f\" data-element_type=\"column\" data-e-type=\"column\">\n\t\t\t<div class=\"elementor-widget-wrap\">\n\t\t\t\t\t\t\t<\/div>\n\t\t<\/div>\n\t\t\t\t\t<\/div>\n\t\t<\/section>\n\t\t\t\t\t<\/div>\n\t\t<\/div>\n\t\t\t\t\t<\/div>\n\t\t<\/section>\n\t\t\t\t<section class=\"elementor-section elementor-top-section elementor-element elementor-element-39e60a97 elementor-section-boxed elementor-section-height-default elementor-section-height-default\" data-id=\"39e60a97\" data-element_type=\"section\" data-e-type=\"section\" data-settings=\"{&quot;background_background&quot;:&quot;classic&quot;}\">\n\t\t\t\t\t\t<div class=\"elementor-container elementor-column-gap-no\">\n\t\t\t\t\t<div class=\"elementor-column elementor-col-100 elementor-top-column elementor-element elementor-element-ea4576a\" data-id=\"ea4576a\" data-element_type=\"column\" data-e-type=\"column\">\n\t\t\t<div class=\"elementor-widget-wrap elementor-element-populated\">\n\t\t\t\t\t\t<div class=\"elementor-element elementor-element-268985dc elementor-widget elementor-widget-heading\" data-id=\"268985dc\" data-element_type=\"widget\" data-e-type=\"widget\" data-widget_type=\"heading.default\">\n\t\t\t\t<div class=\"elementor-widget-container\">\n\t\t\t\t\t<h2 class=\"elementor-heading-title elementor-size-default\">Impressum<\/h2>\t\t\t\t<\/div>\n\t\t\t\t<\/div>\n\t\t\t\t<div class=\"elementor-element elementor-element-3a4eea44 elementor-widget elementor-widget-text-editor\" data-id=\"3a4eea44\" data-element_type=\"widget\" data-e-type=\"widget\" data-widget_type=\"text-editor.default\">\n\t\t\t\t<div class=\"elementor-widget-container\">\n\t\t\t\t\t\t\t\t\t<div>\n<div id=\"textWithImage-5183602\">\n<p><span style=\"font-size: 16px;\">makler-iserlohn.de ist eine Marke der Kall\u00e4hne Immobilien e.K. <br><\/span><span style=\"font-size: 16px;\"><br>Inhaberin Miriam Bartels&nbsp;<br><\/span><span style=\"font-size: 16px;\"><br>Friedrichstrasse 11<br><\/span><span style=\"font-size: 16px;\">58636 Iserlohn<\/span><\/p>\n<p><a href=\"https:\/\/www.kallaehne.de\" target=\"_blank\" rel=\"noopener\">https:\/\/www.kallaehne.de<\/a><\/p>\n<p><strong>Kontakt:&nbsp;<\/strong><\/p>\n<p>Telefon: +49 2371 25372<br><span style=\"font-size: 16px;\">Telefax: +49 2371 14817<br><\/span><span style=\"font-size: 16px;\">E-Mail: info@kallaehne.de&nbsp;<\/span><\/p>\n<\/div>\n<\/div>\n<div>\n<p>Registereintrag<br>Eintragung im Handelsregister<br>Registergericht: Iserlohn<br>Registernummer: HRA1583<br>Aufsichtsbeh\u00f6rde<br>SIHK Hagen \/ M\u00e4rkischer Kreis<\/p>\n<\/div>\n<div>\n<p><strong>Haftungs- und Rechtshinweis<\/strong><\/p>\n<p>Hinsichtlich der Objektdaten ist die Fa. Kall\u00e4hne Immobilien e.K. bzw. deren Mitarbeiter auf die Ausk\u00fcnfte der Verk\u00e4ufer, Architekten, Vermieter, Verp\u00e4chter, Bauherren, Bautr\u00e4ger und Beh\u00f6rden angewiesen. F\u00fcr die Richtigkeit und Vollst\u00e4ndigkeit der Angaben kann keine Haftung \u00fcbernommen werden. Die Verma\u00dfung der Zeichnungen stellen Lichtma\u00dfe dar, Abweichungen sind m\u00f6glich. Alle Inhalte unserer Internetseiten wurden sorgf\u00e4ltig erarbeitet und werden in regelm\u00e4\u00dfigen Abst\u00e4nden aktualisiert. Dennoch k\u00f6nnen sich zwischendurch Fehler ergeben (bspw. technische St\u00f6rungen, Verf\u00e4lschungen durch unbefugte Dritte). Daher \u00fcbernimmt die Fa. Kall\u00e4hne Immobilien keine Gew\u00e4hr oder Haftung f\u00fcr die Aktualit\u00e4t, Vollst\u00e4ndigkeit oder Richtigkeit der bereitgestellten Informationen.&nbsp;Dies gilt auch f\u00fcr Informationen auf externen Internetseiten, auf die wir in unserem Internetauftritt durch Hyperlinks direkt oder indirekt verweisen. Die dort pr\u00e4sentierten Inhalte machen wir uns nicht zu Eigen. Die Fa. Kall\u00e4hne Immobilien weist darauf hin, das eine Inhaltskontrolle durch sie nicht stattfindet und jegliche Haftung f\u00fcr den Inhalt dieser Seiten ausgeschlossen ist, zudem muss aus Datenschutzgr\u00fcnden darauf hingewiesen werden, dass an Facebook mit dem Klick auf den \u201eGef\u00e4llt mir\u201c-Button Daten \u00fcbermittelt werden.<\/p>\n<p><strong>Urheberrechte<\/strong><\/p>\n<p>Inhalt und Struktur unseres Internetauftritts sind urheberrechtlich gesch\u00fctzt. Die Vervielf\u00e4ltigung von Informationen oder Daten, insbesondere die Verwendung von Texten, Textteilen und Bildmaterial bedarf der vorherigen Zustimmung der Fa. Kall\u00e4hne Immobilien e.K. Der Nutzer darf die Inhalte nur im Rahmen der angebotenen Funktionalit\u00e4ten f\u00fcr seinen pers\u00f6nlichen Gebrauch nutzen. Er erwirbt keinerlei Rechte an den Inhalten oder Programmen. Wird Software zum Download angeboten, beschr\u00e4nkt sich die Nutzungsberechtigung des Nutzers auf die pers\u00f6nliche Verwendung im Rahmen der Nutzung des Internetauftritts.<\/p>\n<p><strong>Marken und Logos<\/strong><\/p>\n<p>Die im Internetauftritt der Fa. Kall\u00e4hne Immobilien e.K. verwendeten Marken und Logos sind urheberrechtlich gesch\u00fctzt. Die Reproduktion oder Modifikation dieser Marken, Logos und Inhalte, gleich in welcher Form, ganz oder teilweise, ist ohne schriftliche Genehmigung der Fa. Kall\u00e4hne Immobilien e.K. nicht gestattet. Verletzungen der Urheberrechte und gewerblichen Schutzrechte l\u00f6sen eine Schadensersatzpflicht des Verletzers aus.<\/p>\n<p>Die Erkl\u00e4rung zum Datenschutz gilt nur f\u00fcr diesen Internet-Auftritt. Sie trifft nicht zu f\u00fcr Webseiten, auf die diese Webseite verlinkt.<\/p>\n<p>Ombudsmann Immobilien IVD\/VPB \u2013 Informationspflicht nach \u00a7 36 VSBG<\/p>\n<p>Der Immobilienverband Deutschland IVD e.V. hat mit Beteiligung des Verbraucherverbandes Verband Privater Bauherren e.V. (VPB) eine Schlichtungsstelle nach Ma\u00dfgabe des Verbraucherstreitbeilegungsgesetzes (VSBG) eingerichtet. Vor der Schlichtungsstelle k\u00f6nnen u. a. Streitigkeiten zwischen Verbrauchern und Mitgliedern des IVD in einem au\u00dfergerichtlichen Schlichtungsverfahren beigelegt werden.<\/p>\n<p>Die Firma Kall\u00e4hne Immobilien e.K. ist Mitglied im IVD und aufgrund der Satzung des IVD verpflichtet, gegen\u00fcber der Ombudsstelle eine schriftliche Stellungnahme abzugeben, wenn diese ein Verfahren einleitet. An Schlichtungsverfahren bei anderen Schlichtungsstellen nimmt die Firma Kall\u00e4hne Immobiline e.K. grunds\u00e4tzlich nicht teil.&nbsp;&nbsp; &nbsp;<\/p>\n<p>Die Anschrift der Schlichtungsstelle des IVD lautet: Ombudsmann Immobilien IVD\/VPB \u2013 Grunderwerb und -verwaltung, Littenstra\u00dfe 10, 10179 Berlin. Weitere Informationen zur Schlichtungsstelle (z.B. weitere Kommunikationsdaten, Verfahrensordnung) erhalten Sie unter http:\/\/www.ombudsmann-immobilien.net. &nbsp;<\/p>\n<p>Online-Streitbeilegung gem\u00e4\u00df Art. 14 Abs. 1 ODR-VO<\/p>\n<p>Die Europ\u00e4ische Kommission stellt eine Plattform zur Online-Streitbeilegung (OS) bereit, die Sie hier finden: http:\/\/ec.europa.eu\/consumers\/odr.<\/p>\n<p>Mit der Anerkennung des Ombudsmannes Immobilien als Schlichtungsstelle im Sinne des VSBG und der Beteiligung des VPB hat sich die Verfahrensordnung in Teilen ge\u00e4ndert. Dies betrifft beispielsweise den Zust\u00e4ndigkeitsbereich, der auf Bauvertr\u00e4ge erweitert wurde. Weitere Informationen zur Verfahrensordnung und zum Verfahrensablauf finden Sie auf der Internetseite der Ombudsstelle.<\/p>\n<p><span style=\"font-size: 15px; font-style: normal; font-weight: 400;\">Webdesign &amp; coding:&nbsp;<\/span><a style=\"font-size: 15px; font-style: normal; font-weight: 400; background-color: #ffffff; color: #e2e2e2;\" href=\"http:\/\/www.coform.de\/\">coform.de<\/a><\/p>\n<\/div>\t\t\t\t\t\t\t\t<\/div>\n\t\t\t\t<\/div>\n\t\t\t\t<div class=\"elementor-element elementor-element-2d0e3ef7 elementor-widget elementor-widget-spacer\" data-id=\"2d0e3ef7\" data-element_type=\"widget\" data-e-type=\"widget\" data-widget_type=\"spacer.default\">\n\t\t\t\t<div class=\"elementor-widget-container\">\n\t\t\t\t\t\t\t<div class=\"elementor-spacer\">\n\t\t\t<div class=\"elementor-spacer-inner\"><\/div>\n\t\t<\/div>\n\t\t\t\t\t\t<\/div>\n\t\t\t\t<\/div>\n\t\t\t\t\t<\/div>\n\t\t<\/div>\n\t\t\t\t\t<\/div>\n\t\t<\/section>\n\t\t\t\t<section class=\"elementor-section elementor-top-section elementor-element elementor-element-40e2199c elementor-section-stretched elementor-section-boxed elementor-section-height-default elementor-section-height-default\" data-id=\"40e2199c\" data-element_type=\"section\" data-e-type=\"section\" data-settings=\"{&quot;stretch_section&quot;:&quot;section-stretched&quot;,&quot;background_background&quot;:&quot;classic&quot;,&quot;shape_divider_top&quot;:&quot;arrow&quot;}\">\n\t\t\t\t\t<div class=\"elementor-shape elementor-shape-top\" aria-hidden=\"true\" data-negative=\"false\">\n\t\t\t<svg xmlns=\"http:\/\/www.w3.org\/2000\/svg\" viewBox=\"0 0 700 10\" preserveAspectRatio=\"none\">\n\t<path class=\"elementor-shape-fill\" d=\"M350,10L340,0h20L350,10z\"\/>\n<\/svg>\t\t<\/div>\n\t\t\t\t\t<div class=\"elementor-container elementor-column-gap-no\">\n\t\t\t\t\t<div class=\"elementor-column elementor-col-50 elementor-top-column elementor-element elementor-element-6dfb3e3d\" data-id=\"6dfb3e3d\" data-element_type=\"column\" data-e-type=\"column\">\n\t\t\t<div class=\"elementor-widget-wrap elementor-element-populated\">\n\t\t\t\t\t\t<div class=\"elementor-element elementor-element-4ac54cec elementor-hidden-phone elementor-widget elementor-widget-text-editor\" data-id=\"4ac54cec\" data-element_type=\"widget\" data-e-type=\"widget\" data-widget_type=\"text-editor.default\">\n\t\t\t\t<div class=\"elementor-widget-container\">\n\t\t\t\t\t\t\t\t\t<p>\u00a9 Copyright by makler-iserlohn.de 2023<\/p>\t\t\t\t\t\t\t\t<\/div>\n\t\t\t\t<\/div>\n\t\t\t\t\t<\/div>\n\t\t<\/div>\n\t\t\t\t<div class=\"elementor-column elementor-col-50 elementor-top-column elementor-element elementor-element-70280760\" data-id=\"70280760\" data-element_type=\"column\" data-e-type=\"column\">\n\t\t\t<div class=\"elementor-widget-wrap elementor-element-populated\">\n\t\t\t\t\t\t<div class=\"elementor-element elementor-element-99784d6 elementor-widget elementor-widget-text-editor\" data-id=\"99784d6\" data-element_type=\"widget\" data-e-type=\"widget\" data-widget_type=\"text-editor.default\">\n\t\t\t\t<div class=\"elementor-widget-container\">\n\t\t\t\t\t\t\t\t\t<span style=\"background-color: #39ab2b;\"><a href=\"https:\/\/makler-iserlohn.de\/?page_id=36\">Impressum<\/a><\/span><span style=\"color: #ffffff;\">\u00a0I <a href=\"https:\/\/makler-iserlohn.de\/?page_id=38\">Datenschutz<\/a> I <a href=\"https:\/\/makler-iserlohn.de\/?page_id=34\">Kontakt<\/a><\/span>\t\t\t\t\t\t\t\t<\/div>\n\t\t\t\t<\/div>\n\t\t\t\t\t<\/div>\n\t\t<\/div>\n\t\t\t\t\t<\/div>\n\t\t<\/section>\n\t\t\t\t<\/div>\n\t\t","protected":false},"excerpt":{"rendered":"<p>Impressum makler-iserlohn.de ist eine Marke der Kall\u00e4hne Immobilien e.K. Inhaberin Miriam Bartels&nbsp; Friedrichstrasse 1158636 Iserlohn https:\/\/www.kallaehne.de Kontakt:&nbsp; Telefon: +49 2371 25372Telefax: +49 2371 14817E-Mail: info@kallaehne.de&nbsp; RegistereintragEintragung im HandelsregisterRegistergericht: IserlohnRegisternummer: HRA1583Aufsichtsbeh\u00f6rdeSIHK Hagen \/ M\u00e4rkischer Kreis Haftungs- und Rechtshinweis Hinsichtlich der Objektdaten ist die Fa. Kall\u00e4hne Immobilien e.K. bzw. deren Mitarbeiter auf die Ausk\u00fcnfte der Verk\u00e4ufer, Architekten, [&hellip;]<\/p>\n","protected":false},"author":1,"featured_media":0,"parent":0,"menu_order":0,"comment_status":"closed","ping_status":"closed","template":"elementor_canvas","meta":{"site-sidebar-layout":"default","site-content-layout":"","ast-site-content-layout":"default","site-content-style":"default","site-sidebar-style":"default","ast-global-header-display":"","ast-banner-title-visibility":"","ast-main-header-display":"","ast-hfb-above-header-display":"","ast-hfb-below-header-display":"","ast-hfb-mobile-header-display":"","site-post-title":"","ast-breadcrumbs-content":"","ast-featured-img":"","footer-sml-layout":"","ast-disable-related-posts":"","theme-transparent-header-meta":"","adv-header-id-meta":"","stick-header-meta":"","header-above-stick-meta":"","header-main-stick-meta":"","header-below-stick-meta":"","astra-migrate-meta-layouts":"default","ast-page-background-enabled":"default","ast-page-background-meta":{"desktop":{"background-color":"","background-image":"","background-repeat":"repeat","background-position":"center center","background-size":"auto","background-attachment":"scroll","background-type":"","background-media":"","overlay-type":"","overlay-color":"","overlay-opacity":"","overlay-gradient":""},"tablet":{"background-color":"","background-image":"","background-repeat":"repeat","background-position":"center center","background-size":"auto","background-attachment":"scroll","background-type":"","background-media":"","overlay-type":"","overlay-color":"","overlay-opacity":"","overlay-gradient":""},"mobile":{"background-color":"","background-image":"","background-repeat":"repeat","background-position":"center center","background-size":"auto","background-attachment":"scroll","background-type":"","background-media":"","overlay-type":"","overlay-color":"","overlay-opacity":"","overlay-gradient":""}},"ast-content-background-meta":{"desktop":{"background-color":"var(--ast-global-color-5)","background-image":"","background-repeat":"repeat","background-position":"center center","background-size":"auto","background-attachment":"scroll","background-type":"","background-media":"","overlay-type":"","overlay-color":"","overlay-opacity":"","overlay-gradient":""},"tablet":{"background-color":"var(--ast-global-color-5)","background-image":"","background-repeat":"repeat","background-position":"center center","background-size":"auto","background-attachment":"scroll","background-type":"","background-media":"","overlay-type":"","overlay-color":"","overlay-opacity":"","overlay-gradient":""},"mobile":{"background-color":"var(--ast-global-color-5)","background-image":"","background-repeat":"repeat","background-position":"center center","background-size":"auto","background-attachment":"scroll","background-type":"","background-media":"","overlay-type":"","overlay-color":"","overlay-opacity":"","overlay-gradient":""}},"footnotes":""},"class_list":["post-36","page","type-page","status-publish","hentry"],"_links":{"self":[{"href":"https:\/\/makler-iserlohn.de\/index.php?rest_route=\/wp\/v2\/pages\/36","targetHints":{"allow":["GET"]}}],"collection":[{"href":"https:\/\/makler-iserlohn.de\/index.php?rest_route=\/wp\/v2\/pages"}],"about":[{"href":"https:\/\/makler-iserlohn.de\/index.php?rest_route=\/wp\/v2\/types\/page"}],"author":[{"embeddable":true,"href":"https:\/\/makler-iserlohn.de\/index.php?rest_route=\/wp\/v2\/users\/1"}],"replies":[{"embeddable":true,"href":"https:\/\/makler-iserlohn.de\/index.php?rest_route=%2Fwp%2Fv2%2Fcomments&post=36"}],"version-history":[{"count":47,"href":"https:\/\/makler-iserlohn.de\/index.php?rest_route=\/wp\/v2\/pages\/36\/revisions"}],"predecessor-version":[{"id":797,"href":"https:\/\/makler-iserlohn.de\/index.php?rest_route=\/wp\/v2\/pages\/36\/revisions\/797"}],"wp:attachment":[{"href":"https:\/\/makler-iserlohn.de\/index.php?rest_route=%2Fwp%2Fv2%2Fmedia&parent=36"}],"curies":[{"name":"wp","href":"https:\/\/api.w.org\/{rel}","templated":true}]}}